{"id":7,"date":"2025-11-06T00:50:37","date_gmt":"2025-11-06T00:50:37","guid":{"rendered":"http:\/\/laredonnerie.com\/?page_id=7"},"modified":"2026-02-02T01:56:35","modified_gmt":"2026-02-02T01:56:35","slug":"accueil","status":"publish","type":"page","link":"https:\/\/laredonnerie.com\/","title":{"rendered":"La Redonnerie Montmeyran"},"content":{"rendered":"\n<div style=\"height:43px\" aria-hidden=\"true\" class=\"wp-block-spacer\"><\/div>\n\n\n\n<div class=\"wp-block-columns is-layout-flex wp-container-core-columns-is-layout-9d6595d7 wp-block-columns-is-layout-flex\">\n<div class=\"wp-block-column is-vertically-aligned-center is-layout-flow wp-block-column-is-layout-flow\">\n<h2 class=\"wp-block-heading\">\ud83c\udf3f <strong>Un espace de gratuit\u00e9, pour donner et recevoir librement.<\/strong> <\/h2>\n\n\n\n<p>La Redonnerie, c\u2019est bien plus qu\u2019un lieu de d\u00e9p\u00f4t ou de r\u00e9cup\u00e9ration d\u2019objets : c\u2019est un&nbsp;<strong>v\u00e9ritable lieu de vie<\/strong>, anim\u00e9 par une quarantaine de b\u00e9n\u00e9voles dynamiques, passionn\u00e9s\u2026 et toujours pr\u00eats \u00e0 rigoler !<\/p>\n\n\n\n<p>Qu\u2019il s\u2019agisse d\u2019accueillir les visiteurs, de trier les dons, ou d\u2019am\u00e9nager l\u2019espace, ces b\u00e9n\u00e9voles donnent sans compter. Leur bonne humeur communicative cr\u00e9ent une&nbsp;<strong>atmosph\u00e8re chaleureuse<\/strong>, o\u00f9 l\u2019on vient autant pour faire un geste solidaire que pour passer un bon moment, chiner des v\u00eatement ou des objets \u00e0 r\u00e9cup\u00e9rer, et repartir gratuitement avec des trouvailles utiles ou coup de c\u0153ur.<\/p>\n<\/div>\n\n\n\n<div class=\"wp-block-column is-vertically-aligned-center is-layout-flow wp-block-column-is-layout-flow\"><div class=\"wp-block-image\">\n<figure class=\"aligncenter size-full\"><img fetchpriority=\"high\" decoding=\"async\" width=\"400\" height=\"400\" src=\"http:\/\/laredonnerie.com\/wp-content\/uploads\/2026\/02\/3-tonnes.png\" alt=\"\" class=\"wp-image-174\" srcset=\"https:\/\/laredonnerie.com\/wp-content\/uploads\/2026\/02\/3-tonnes.png 400w, https:\/\/laredonnerie.com\/wp-content\/uploads\/2026\/02\/3-tonnes-300x300.png 300w, https:\/\/laredonnerie.com\/wp-content\/uploads\/2026\/02\/3-tonnes-150x150.png 150w\" sizes=\"(max-width: 400px) 100vw, 400px\" \/><\/figure>\n<\/div><\/div>\n<\/div>\n\n\n\n<div style=\"height:43px\" aria-hidden=\"true\" class=\"wp-block-spacer\"><\/div>\n\n\n\n<p><strong>La Redonnerie&nbsp;de Montmeyran est un espace de gratuit\u00e9 o\u00f9 vous pouvez d\u00e9poser ce dont vous n\u2019avez plus besoin. Vous pouvez \u00e9galement vous servir m\u00eame si vous n\u2019avez rien d\u00e9pos\u00e9.<\/strong><\/p>\n\n\n\n<div style=\"height:43px\" aria-hidden=\"true\" class=\"wp-block-spacer\"><\/div>\n\n\n\n<hr class=\"wp-block-separator alignwide has-alpha-channel-opacity\" id=\"Horaires-d\u2019ouverture\"\/>\n\n\n\n<div style=\"height:49px\" aria-hidden=\"true\" class=\"wp-block-spacer\"><\/div>\n\n\n\n<div class=\"wp-block-columns is-layout-flex wp-container-core-columns-is-layout-9d6595d7 wp-block-columns-is-layout-flex\">\n<div class=\"wp-block-column is-vertically-aligned-center is-layout-flow wp-block-column-is-layout-flow\">\n<figure class=\"wp-block-image size-full is-resized\"><img decoding=\"async\" width=\"600\" height=\"800\" src=\"http:\/\/laredonnerie.com\/wp-content\/uploads\/2025\/11\/Photo-logo-2-Init-1-600x8001-11.jpg\" alt=\"\" class=\"wp-image-18\" style=\"aspect-ratio:3\/4;object-fit:cover;width:400px\" srcset=\"https:\/\/laredonnerie.com\/wp-content\/uploads\/2025\/11\/Photo-logo-2-Init-1-600x8001-11.jpg 600w, https:\/\/laredonnerie.com\/wp-content\/uploads\/2025\/11\/Photo-logo-2-Init-1-600x8001-11-225x300.jpg 225w\" sizes=\"(max-width: 600px) 100vw, 600px\" \/><\/figure>\n<\/div>\n\n\n\n<div class=\"wp-block-column is-layout-flow wp-block-column-is-layout-flow\">\n<h2 class=\"wp-block-heading\">\u23f0Horaires d\u2019ouverture<\/h2>\n\n\n\n<p>(Toute l&rsquo;ann\u00e9e)<\/p>\n\n\n\n<p><strong>Mercredi<\/strong> : 14h30 \u2192 18h30<\/p>\n\n\n\n<p><strong>Samedi<\/strong> : 9h00 \u2192 13h00<\/p>\n\n\n\n<div style=\"height:29px\" aria-hidden=\"true\" class=\"wp-block-spacer\"><\/div>\n\n\n\n<h2 class=\"wp-block-heading\">\ud83d\udd17Contact<\/h2>\n\n\n\n<div style=\"height:2px\" aria-hidden=\"true\" class=\"wp-block-spacer\"><\/div>\n\n\n\n<p class=\"has-text-align-left\"><strong>Pour contacter la Redonnerie :<\/strong><\/p>\n\n\n\n<figure class=\"wp-block-image size-full\"><img decoding=\"async\" src=\"https:\/\/www.montmeyran.fr\/app\/uploads\/2025\/04\/image1.png\" alt=\"\" class=\"wp-image-99709\"\/><\/figure>\n\n\n\n<p>\ud83d\udcf2 Suivez-nous sur <strong>Facebook<\/strong> : <em><a href=\"https:\/\/www.facebook.com\/profile.php?id=100083415710703\">La Redonnerie Montmeyran<\/a><\/em><\/p>\n<\/div>\n<\/div>\n\n\n\n<div style=\"height:60px\" aria-hidden=\"true\" class=\"wp-block-spacer\"><\/div>\n\n\n\n<hr class=\"wp-block-separator alignwide has-alpha-channel-opacity\" id=\"Que-peut-on-apporter\"\/>\n\n\n\n<div style=\"height:60px\" aria-hidden=\"true\" class=\"wp-block-spacer\"><\/div>\n\n\n\n<h2 class=\"wp-block-heading has-text-align-left\">\u2728Que peut-on apporter ?<\/h2>\n\n\n\n<div class=\"wp-block-columns is-layout-flex wp-container-core-columns-is-layout-9d6595d7 wp-block-columns-is-layout-flex\">\n<div class=\"wp-block-column is-vertically-aligned-center is-layout-flow wp-block-column-is-layout-flow\">\n<p>\ud83d\udc55 V\u00eatements <strong>propres et de saison<\/strong><\/p>\n\n\n\n<p>\ud83d\udc5f Chaussures <strong>propres et de saison<\/strong><\/p>\n\n\n\n<p>\ud83e\uddf8 Jeux, jouets, peluches<\/p>\n\n\n\n<p>\ud83d\udcda Livres pour enfants, BD<\/p>\n\n\n\n<p>\ud83c\udf7d\ufe0f Vaisselle (par <strong>lots uniquement<\/strong>)<\/p>\n\n\n\n<p>\ud83c\udf7c Mat\u00e9riel de pu\u00e9riculture<\/p>\n<\/div>\n\n\n\n<div class=\"wp-block-column is-vertically-aligned-center is-layout-flow wp-block-column-is-layout-flow\">\n<p>\ud83d\udc8d Bijoux fantaisie<\/p>\n\n\n\n<p>\ud83d\udc5c Accessoires de mode (sacs, ceintures\u2026)<\/p>\n\n\n\n<p>\ud83d\udd0c Petit \u00e9lectrom\u00e9nager<\/p>\n\n\n\n<p>\ud83d\udca1 Petits luminaires<\/p>\n\n\n\n<p>\ud83d\udd3b&nbsp;<em>Tout ce qui est apport\u00e9 doit \u00eatre en bon \u00e9tat et utilisable<\/em>&nbsp;\ud83d\udd3b<\/p>\n<\/div>\n<\/div>\n\n\n\n<p>\u274c Les objets encombrants ne sont pas accept\u00e9s. Un <strong>tableau d\u2019annonces<\/strong> est disponible pour les dons sp\u00e9cifiques.<\/p>\n\n\n\n<p>\ud83d\udee0\ufe0f Pour les mat\u00e9riaux, rendez-vous \u00e0 <strong>la Mat\u00e9riauth\u00e8que de <strong>Montmeyran<\/strong> (quartier La Charlotte).<\/strong><\/p>\n\n\n\n<div style=\"height:60px\" aria-hidden=\"true\" class=\"wp-block-spacer\"><\/div>\n\n\n\n<hr class=\"wp-block-separator alignwide has-alpha-channel-opacity\"\/>\n\n\n\n<div style=\"height:66px\" aria-hidden=\"true\" class=\"wp-block-spacer\"><\/div>\n\n\n\n<h2 class=\"wp-block-heading\">\ud83d\udccd O\u00f9 trouver la Redonnerie  ?<\/h2>\n\n\n\n<div class=\"wp-block-columns is-layout-flex wp-container-core-columns-is-layout-9d6595d7 wp-block-columns-is-layout-flex\">\n<div class=\"wp-block-column is-layout-flow wp-block-column-is-layout-flow\" style=\"flex-basis:66.66%\">\n<p>La Redonnerie est install\u00e9e <strong>dans une classe de l\u2019ancienne \u00e9cole<\/strong>.<\/p>\n\n\n\n<p><strong>\ud83d\udccd <strong>Adresse compl\u00e8te :<\/strong><br><\/strong>La Redonnerie<br>41 Grande Rue<br>26120 Montmeyran<\/p>\n\n\n\n<p>\ud83d\udc49 Juste \u00e0 c\u00f4t\u00e9 de la m\u00e9diath\u00e8que !<\/p>\n<\/div>\n\n\n\n<div class=\"wp-block-column is-layout-flow wp-block-column-is-layout-flow\" style=\"flex-basis:33.33%\">\n<figure class=\"wp-block-image size-full\"><img decoding=\"async\" src=\"https:\/\/www.montmeyran.fr\/app\/uploads\/2025\/04\/image-4-768x3971-1.png\" alt=\"\" class=\"wp-image-99720\"\/><\/figure>\n<\/div>\n<\/div>\n\n\n\n<div style=\"height:var(--wp--preset--spacing--30)\" aria-hidden=\"true\" class=\"wp-block-spacer\"><\/div>\n\n\n\n<p>L\u2019endroit est <strong>facile d\u2019acc\u00e8s<\/strong>, avec des parkings \u00e0 proximit\u00e9 et un acc\u00e8s adapt\u00e9 aux personnes \u00e0 mobilit\u00e9 r\u00e9duite.<\/p>\n\n\n\n<div style=\"height:66px\" aria-hidden=\"true\" class=\"wp-block-spacer\"><\/div>\n\n\n\n<hr class=\"wp-block-separator alignwide has-alpha-channel-opacity\"\/>\n\n\n\n<div style=\"height:66px\" aria-hidden=\"true\" class=\"wp-block-spacer\"><\/div>\n\n\n\n<h2 class=\"wp-block-heading\">\u270f\ufe0f Le Projet : La Redonnerie<\/h2>\n\n\n\n<div class=\"wp-block-columns is-layout-flex wp-container-core-columns-is-layout-9d6595d7 wp-block-columns-is-layout-flex\">\n<div class=\"wp-block-column is-vertically-aligned-center is-layout-flow wp-block-column-is-layout-flow\">\n<p>Ce projet a \u00e9t\u00e9 lanc\u00e9 en 2020 par un groupe de b\u00e9n\u00e9voles montmeyranais, avec le soutien de la commission municipale Montmeyr\u2019En Transition. Il a vu le jour lors d\u2019\u00e9v\u00e9nements comme le forum des associations et le festival z\u00e9ro d\u00e9chet qui avaient permis de cr\u00e9er les premiers moments de g\u00e9n\u00e9rosit\u00e9 et de partage.<\/p>\n\n\n\n<p>Afin de p\u00e9renniser l\u2019initiative, cette vingtaine de b\u00e9n\u00e9voles a d\u00e9cid\u00e9 de cr\u00e9er un collectif. Gr\u00e2ce au soutien du conseil municipal et \u00e0 la mise \u00e0 disposition d\u2019une salle communale, le projet a pris forme.<\/p>\n\n\n\n<p>C\u2019est ainsi, apr\u00e8s des heures de travaux intensifs des membres du collectifs, que La Redonnerie a pu ouvrir ses portes le 4 f\u00e9vrier 2023.<\/p>\n<\/div>\n\n\n\n<div class=\"wp-block-column is-vertically-aligned-center is-layout-flow wp-block-column-is-layout-flow\">\n<figure class=\"wp-block-image size-large\"><img decoding=\"async\" width=\"1024\" height=\"480\" src=\"http:\/\/laredonnerie.com\/wp-content\/uploads\/2026\/02\/AG-Jan-2026-1024x480.jpg\" alt=\"\" class=\"wp-image-150\" srcset=\"https:\/\/laredonnerie.com\/wp-content\/uploads\/2026\/02\/AG-Jan-2026-1024x480.jpg 1024w, https:\/\/laredonnerie.com\/wp-content\/uploads\/2026\/02\/AG-Jan-2026-300x141.jpg 300w, https:\/\/laredonnerie.com\/wp-content\/uploads\/2026\/02\/AG-Jan-2026-768x360.jpg 768w, https:\/\/laredonnerie.com\/wp-content\/uploads\/2026\/02\/AG-Jan-2026-1536x719.jpg 1536w, https:\/\/laredonnerie.com\/wp-content\/uploads\/2026\/02\/AG-Jan-2026-2048x959.jpg 2048w\" sizes=\"(max-width: 1024px) 100vw, 1024px\" \/><\/figure>\n<\/div>\n<\/div>\n\n\n\n<div style=\"height:66px\" aria-hidden=\"true\" class=\"wp-block-spacer\"><\/div>\n\n\n\n<p>\ud83d\udc49 T\u00e9l\u00e9chargez la <a href=\"https:\/\/www.montmeyran.fr\/app\/uploads\/2025\/04\/FicheAgglo-RedonnerieMontmeyran.pdf\">fiche de la Redonnerie de Montmeyran<\/a> cr\u00e9\u00e9 par l\u2019agglo dans le cadre du d\u00e9ploiement de la strat\u00e9gie \u00e9conomie circulaire (ECI). Elle permet \u00e0 qui le souhaite de s&rsquo;inspirer de notre exp\u00e9rience pour lancer des initiatives similaires dans d&rsquo;autres communes et promouvoir la solidarit\u00e9 locale ainsi que la r\u00e9duction des d\u00e9chets.<\/p>\n\n\n\n<div style=\"height:66px\" aria-hidden=\"true\" class=\"wp-block-spacer\"><\/div>\n\n\n\n<p><a href=\"https:\/\/laredonnerie.com\/index.php\/statistiques\/\" data-type=\"link\" data-id=\"https:\/\/laredonnerie.com\/index.php\/statistiques\/\">Voir toutes les statistiques<\/a><\/p>\n\n\n\n<div style=\"height:20px\" aria-hidden=\"true\" class=\"wp-block-spacer\"><\/div>\n\n\n\n<div style=\"height:38px\" aria-hidden=\"true\" class=\"wp-block-spacer\"><\/div>\n","protected":false},"excerpt":{"rendered":"<p>\ud83c\udf3f Un espace de gratuit\u00e9, pour donner et recevoir librement. La Redonnerie, c\u2019est bien plus qu\u2019un lieu de d\u00e9p\u00f4t ou de r\u00e9cup\u00e9ration d\u2019objets : c\u2019est un&nbsp;v\u00e9ritable lieu de vie, anim\u00e9 par une quarantaine de b\u00e9n\u00e9voles dynamiques, passionn\u00e9s\u2026 et toujours pr\u00eats \u00e0 rigoler ! Qu\u2019il s\u2019agisse d\u2019accueillir les visiteurs, de trier les dons, ou d\u2019am\u00e9nager l\u2019espace,&hellip;&nbsp;<a href=\"https:\/\/laredonnerie.com\/\" rel=\"bookmark\"><span class=\"screen-reader-text\">La Redonnerie Montmeyran<\/span><\/a><\/p>\n","protected":false},"author":1,"featured_media":8,"parent":0,"menu_order":0,"comment_status":"closed","ping_status":"closed","template":"","meta":{"neve_meta_sidebar":"","neve_meta_container":"","neve_meta_enable_content_width":"","neve_meta_content_width":0,"neve_meta_title_alignment":"","neve_meta_author_avatar":"","neve_post_elements_order":"","neve_meta_disable_header":"","neve_meta_disable_footer":"","neve_meta_disable_title":"","footnotes":""},"class_list":["post-7","page","type-page","status-publish","has-post-thumbnail","hentry"],"_links":{"self":[{"href":"https:\/\/laredonnerie.com\/index.php\/wp-json\/wp\/v2\/pages\/7","targetHints":{"allow":["GET"]}}],"collection":[{"href":"https:\/\/laredonnerie.com\/index.php\/wp-json\/wp\/v2\/pages"}],"about":[{"href":"https:\/\/laredonnerie.com\/index.php\/wp-json\/wp\/v2\/types\/page"}],"author":[{"embeddable":true,"href":"https:\/\/laredonnerie.com\/index.php\/wp-json\/wp\/v2\/users\/1"}],"replies":[{"embeddable":true,"href":"https:\/\/laredonnerie.com\/index.php\/wp-json\/wp\/v2\/comments?post=7"}],"version-history":[{"count":71,"href":"https:\/\/laredonnerie.com\/index.php\/wp-json\/wp\/v2\/pages\/7\/revisions"}],"predecessor-version":[{"id":175,"href":"https:\/\/laredonnerie.com\/index.php\/wp-json\/wp\/v2\/pages\/7\/revisions\/175"}],"wp:featuredmedia":[{"embeddable":true,"href":"https:\/\/laredonnerie.com\/index.php\/wp-json\/wp\/v2\/media\/8"}],"wp:attachment":[{"href":"https:\/\/laredonnerie.com\/index.php\/wp-json\/wp\/v2\/media?parent=7"}],"curies":[{"name":"wp","href":"https:\/\/api.w.org\/{rel}","templated":true}]}}